{"id":90,"date":"2023-09-04T17:25:11","date_gmt":"2023-09-04T15:25:11","guid":{"rendered":"https:\/\/www.holiday-shuttle.eu\/?page_id=90"},"modified":"2025-01-02T10:36:24","modified_gmt":"2025-01-02T09:36:24","slug":"start","status":"publish","type":"page","link":"https:\/\/www.holiday-shuttle.eu\/en\/","title":{"rendered":"Start"},"content":{"rendered":"<p>.<\/p>\n\t        <div class=\"mage_container\">\n            <div class=\"search_form_horizontal\" style=\"background-color:#b30c3b12\">\n                                    <h2>Buy tickets<\/h2>\n                                \n\n\n\n        <form action=\"https:\/\/www.holiday-shuttle.eu\/en\/\" method=\"get\" class=\"mage_form\" data-trp-original-action=\"https:\/\/www.holiday-shuttle.eu\/\/\">\n            <input id=\"all_date_picker_info\" data-single_bus=\"0\"  data-disabledates=\"[]\" data-disabledays=\"[7,1,2,3,4,5,6]\"  data-date_format=\"yy-mm-dd\" type=\"hidden\">            <div class=\"mage_form_list\">\n                <label for=\"bus_start_route\">\n                    <span class=\"fa fa-map-marker\"><\/span>\n                    From :                <\/label>\n\n                <div class=\"mage_input_select mage_bus_boarding_point\">\n                    <div class=\"route-input-wrap\"><input id=\"bus_start_route\" type=\"text\" class=\"mage_form_control\" name=\"bus_start_route\" value=\"\" placeholder=\"Choose Boarding point\" autocomplete=\"off\" required><\/div>\n                    <div class=\"mage_input_select_list\" ><ul><li  data-route=\"Salzburg Flughafen\">Salzburg Airport<\/li><li  data-route=\"Kaprun\">Kaprun<\/li><li  data-route=\"F\u00fcrth\">F\u00fcrth<\/li><li  data-route=\"Zell am See\">Zell am See<\/li><li  data-route=\"Bruck a\/d Gro\u00dfglocknerstra\u00dfe\">Bruck a\/d Gro\u00dfglocknerstra\u00dfe<\/li><li  data-route=\"Taxenbach\">Taxenbach<\/li><li  data-route=\"Mittersill \u2605\">Mittersill \u2605<\/li><li  data-route=\"Bramberg \u2605\">Bramberg \u2605<\/li><li  data-route=\"Neukirchen am Grv. \u2605\">Neukirchen am Grv. \u2605<\/li><li  data-route=\"Wald im Pinzgau \u2605\">Wald im Pinzgau \u2605<\/li><li  data-route=\"Krimml \u2605\">Krimml \u2605<\/li><li  data-route=\"K\u00f6nigsleiten \u2605\">K\u00f6nigsleiten \u2605<\/li><\/ul><\/div>                <\/div>\n\n            <\/div>\n            <div class=\"mage_form_list\">\n                <label for=\"bus_end_route\">\n                    <span class=\"fa fa-map-marker\"><\/span>\n                    <span id=\"wbtm_show_msg\"><\/span>\n                    To :                <\/label>\n                <div class=\"mage_input_select mage_bus_dropping_point\">\n                    <div class=\"route-input-wrap\"><input id=\"bus_end_route\" type=\"text\" class=\"mage_form_control\" name=\"bus_end_route\" value=\"\" placeholder=\"Choose Dropping Point\" autocomplete=\"off\" required><\/div>\n                    <div class=\"mage_input_select_list\"id=\"wbtm_dropping_point_list\" ><ul><li  data-route=\"Salzburg Flughafen\">Salzburg Airport<\/li><li  data-route=\"Kaprun\">Kaprun<\/li><li  data-route=\"F\u00fcrth\">F\u00fcrth<\/li><li  data-route=\"Zell am See\">Zell am See<\/li><li  data-route=\"Bruck a\/d Gro\u00dfglocknerstra\u00dfe\">Bruck a\/d Gro\u00dfglocknerstra\u00dfe<\/li><li  data-route=\"Taxenbach\">Taxenbach<\/li><li  data-route=\"Mittersill \u2605\">Mittersill \u2605<\/li><li  data-route=\"Bramberg \u2605\">Bramberg \u2605<\/li><li  data-route=\"Neukirchen am Grv. \u2605\">Neukirchen am Grv. \u2605<\/li><li  data-route=\"Wald im Pinzgau \u2605\">Wald im Pinzgau \u2605<\/li><li  data-route=\"Krimml \u2605\">Krimml \u2605<\/li><li  data-route=\"K\u00f6nigsleiten \u2605\">K\u00f6nigsleiten \u2605<\/li><\/ul><\/div>                <\/div>\n            <\/div>\n            <div class=\"mage_form_list\">\n                <label for=\"j_date\">\n                    <span class=\"fa fa-calendar\"><\/span>\n                    Date                <\/label>\n                <input type=\"text\" class=\"mage_form_control\" id=\"j_date\" readonly name=\"j_date\" value=\"\" placeholder=\"Choose departure date\" autocomplete=\"off\" required>\n            <\/div>\n           \n            <div class=\"mage_form_list\">\n                <div class=\"mage_form_radio\">\n                                            <label for=\"one_way\">\n                            <input type=\"radio\" name=\"bus-r\" value='oneway' id=\"one_way\" checked \/>\n                            One Way                        <\/label>\n                        <label for=\"return\">\n                            <input type=\"radio\" name=\"bus-r\" value='return' id=\"return\" \/>\n                            Return                        <\/label>\n                                    <\/div>\n                <div class=\"mage_form_search\">\n                    <button type=\"submit\" class=\"mage_button\">\n                        <span class=\"fa fa-search\"><\/span>\n                        Search Transfer                    <\/button>\n                <\/div>\n            <\/div>\n        <input type=\"hidden\" name=\"trp-form-language\" value=\"en\"\/><\/form>\n\n                    <\/div>\n        <\/div>\n        \n\t<p>\u2605 Taxi transfer from and to F\u00fcrth\/Kaprun<\/p>\n\t<h2>Comfortable bus transfers from Salzburg Airport to your destinations<\/h2>\n<p>The Holiday Shuttle bus service from Salzburg Airport to the locations of Kaprun, F\u00fcrth, Zell am See, Bruck an der Gro\u00dfglocknerstra\u00dfe, or Taxenbach offers a comfortable and reliable transfer option. It takes you directly and safely from Salzburg Airport to your destination and back.<\/p>\n<p>Holiday Shuttle guarantees reliable transfers with modern and luxurious minibuses as well as spacious coaches, highly qualified drivers and a tailor-made service.<\/p>\n<p>Plan your trip in advance! Book your bus transfer online and secure your place. Our straightforward booking process allows you to organize your transfer effortlessly.<\/p>\n\t<h2>Last Minute<\/h2>\n<p>We no longer accept bookings online 48 hours before departure. But that doesn't mean you missed your chance!<\/p>\n<p>Are there still seats available in the coach you want? Then we are ready to offer you a comfortable and reliable travel option even at the last minute.<\/p>\n<p>Call us on +43 (0)65 49 20 421 or fill this out <a href=\"https:\/\/www.holiday-shuttle.eu\/en\/anfrage-last-minute-ticket\/\">the following form.<\/a> We will contact you as soon as possible!<\/p>\n\t<h2>Taxi transfer from and to F\u00fcrth\/Kaprun<\/h2>\n<p><img loading=\"lazy\" decoding=\"async\" src=\"https:\/\/www.holiday-shuttle.eu\/wp-content\/uploads\/2023\/09\/flughafen.jpg\" alt=\"Flughafen Salzburg\" width=\"500\" height=\"333\" \/><\/p>\n\t<p>Dank unserer verl\u00e4sslichen Taxi-Partner erm\u00f6glichen wir Ihnen gerne bequeme Transfers von Mittersill, Bramberg, Neukirchen am Gro\u00dfvenediger, Wald im Pinzgau, Krimml oder K\u00f6nigsleiten zu unserer Einstiegsstelle in F\u00fcrth\/Kaprun.<\/p>\n<p>Furthermore, we provide the same comfortable transfer service from F\u00fcrth\/Kaprun to these locations if you are arriving from Salzburg Airport.\"<\/p>\n\t\t\t\t\t\t<h4>Fahrplan Shuttle Kaprun &#8211; Salzburg Flughafen<\/h4>\n\t\t\t<p><img loading=\"lazy\" decoding=\"async\" src=\"https:\/\/www.holiday-shuttle.eu\/wp-content\/uploads\/2023\/10\/fahrplan-K-SF-25-10-23.jpg\" alt=\"Fahrplan Kaprun\" width=\"1320\" height=\"820\" \/><\/p>\n\t\t\t\t\t\t<h4>Fahrplan Shuttle Salzburg Flughafen &#8211; Kaprun<\/h4>\n\t\t\t<p><img loading=\"lazy\" decoding=\"async\" src=\"https:\/\/www.holiday-shuttle.eu\/wp-content\/uploads\/2023\/10\/fahrplan-SF-K-25-10-23.jpg\" alt=\"Fahrplan Salzburg\" width=\"1320\" height=\"820\" \/><\/p>\n\t<h4>Download timetable<\/h4>\n<p><a href=\"https:\/\/www.holiday-shuttle.eu\/wp-content\/uploads\/2023\/10\/Fahrplan-und-Preise-25-10-2023.pdf\" target=\"_blank\" rel=\"noopener\"><img loading=\"lazy\" decoding=\"async\" src=\"https:\/\/www.holiday-shuttle.eu\/wp-content\/uploads\/2023\/09\/pdf.png\" alt=\"pdf\" width=\"40\" height=\"50\" \/><\/a><\/p>\n\t<h2><a href=\"https:\/\/www.holiday-shuttle.eu\/en\/faq\/\">Frequently asked questions about our shuttle service<\/a><\/h2>\n\t<p><a href=\"https:\/\/www.salzburgerland.com\/de\/\" target=\"_blank\" rel=\"noopener\"><img loading=\"lazy\" decoding=\"async\" src=\"https:\/\/www.holiday-shuttle.eu\/wp-content\/uploads\/2023\/09\/SL.jpg\" alt=\"Salzburger Land\" width=\"260\" height=\"150\" \/><\/a><\/p>\n\t<p><a href=\"https:\/\/hohetauern.at\/de\/\" target=\"_blank\" rel=\"noopener\"><img loading=\"lazy\" decoding=\"async\" src=\"https:\/\/www.holiday-shuttle.eu\/wp-content\/uploads\/2023\/09\/ht.jpg\" alt=\"\" width=\"260\" height=\"150\" \/><\/a><\/p>\n\t<p><a href=\"https:\/\/www.zellamsee-kaprun.com\/de\" target=\"_blank\" rel=\"noopener\"><img loading=\"lazy\" decoding=\"async\" src=\"https:\/\/www.holiday-shuttle.eu\/wp-content\/uploads\/2023\/09\/zask.jpg\" alt=\"\" width=\"260\" height=\"150\" \/><\/a><\/p>\n\t\t\t\t<a href=\"https:\/\/www.touristik-oberkofler.com\/alpe-adria-radbus\/\" target=\"_blank\" rel=\"noopener\"  itemprop=\"url\">\n\t\t\t\t<img loading=\"lazy\" decoding=\"async\" src=\"https:\/\/www.holiday-shuttle.eu\/wp-content\/uploads\/2024\/09\/alpe.png\" alt=\"Alpe Adria Radbus\" itemprop=\"image\" height=\"200\" width=\"320\" title=\"alpe\" onerror=\"this.style.display='none'\"  \/>\n\t\t\t\t<\/a>\n\t\t\t\t<a href=\"https:\/\/www.touristik-oberkofler.com\/bodensee-koenigssee-radbus\/\" target=\"_blank\" rel=\"noopener\"  itemprop=\"url\">\n\t\t\t\t<img loading=\"lazy\" decoding=\"async\" src=\"https:\/\/www.holiday-shuttle.eu\/wp-content\/uploads\/2024\/09\/bodensee.png\" alt=\"Bodensee-K\u00f6nigsee Radbus\" itemprop=\"image\" height=\"200\" width=\"320\" title=\"bodensee\" onerror=\"this.style.display='none'\"  \/>\n\t\t\t\t<\/a>\n\t\t\t\t<a href=\"https:\/\/www.touristik-oberkofler.com\/\" target=\"_blank\" rel=\"noopener\"  itemprop=\"url\">\n\t\t\t\t<img loading=\"lazy\" decoding=\"async\" src=\"https:\/\/www.holiday-shuttle.eu\/wp-content\/uploads\/2024\/09\/oberkofler_logo.png\" alt=\"Oberkofler Touristik\" itemprop=\"image\" height=\"181\" width=\"290\" title=\"oberkofler_logo\" onerror=\"this.style.display='none'\"  \/>\n\t\t\t\t<\/a>\n\t\t\t\t<a href=\"https:\/\/www.touristik-oberkofler.com\/flughafen-transfer\/\" target=\"_blank\" rel=\"noopener\"  itemprop=\"url\">\n\t\t\t\t<img loading=\"lazy\" decoding=\"async\" src=\"https:\/\/www.holiday-shuttle.eu\/wp-content\/uploads\/2024\/09\/sidebar-transfer.png\" alt=\"Flughafen Transfer\" itemprop=\"image\" height=\"200\" width=\"320\" title=\"sidebar-transfer\" onerror=\"this.style.display='none'\"  \/>\n\t\t\t\t<\/a>\n\t\t\t\t<a href=\"https:\/\/www.touristik-oberkofler.com\/schibus\/\" target=\"_blank\" rel=\"noopener\"  itemprop=\"url\">\n\t\t\t\t<img loading=\"lazy\" decoding=\"async\" src=\"https:\/\/www.holiday-shuttle.eu\/wp-content\/uploads\/2024\/09\/skibus.png\" alt=\"Oberkofler Skibus\" itemprop=\"image\" height=\"200\" width=\"320\" title=\"skibus\" onerror=\"this.style.display='none'\"  \/>\n\t\t\t\t<\/a>","protected":false},"excerpt":{"rendered":"<p>. \u2605 Taxitransfer ab und bis F\u00fcrth\/Kaprun Komfortable Bus-Transfers vom Salzburg Flughafen zu Ihren Zielen Die Holiday Shuttle Busverbindung vom Salzburg Flughafen zu den Orten Kaprun, F\u00fcrth, Zell am See, Bruck an der Gro\u00dfglocknerstra\u00dfe oder Taxenbach stellt einen komfortablen und zuverl\u00e4ssigen Transfer dar. Sie bringt Sie direkt und sicher von Salzburg Flughafen zu Ihrem Zielort [&hellip;]<\/p>","protected":false},"author":1,"featured_media":0,"parent":0,"menu_order":0,"comment_status":"closed","ping_status":"closed","template":"","meta":{"site-sidebar-layout":"no-sidebar","site-content-layout":"page-builder","ast-site-content-layout":"full-width-container","site-content-style":"unboxed","site-sidebar-style":"default","ast-global-header-display":"","ast-banner-title-visibility":"","ast-main-header-display":"","ast-hfb-above-header-display":"","ast-hfb-below-header-display":"","ast-hfb-mobile-header-display":"","site-post-title":"disabled","ast-breadcrumbs-content":"","ast-featured-img":"disabled","footer-sml-layout":"","theme-transparent-header-meta":"default","adv-header-id-meta":"","stick-header-meta":"default","header-above-stick-meta":"","header-main-stick-meta":"","header-below-stick-meta":"","astra-migrate-meta-layouts":"set","ast-page-background-enabled":"default","ast-page-background-meta":{"desktop":{"background-color":"var(--ast-global-color-4)","background-image":"","background-repeat":"repeat","background-position":"center center","background-size":"auto","background-attachment":"scroll","background-type":"","background-media":"","overlay-type":"","overlay-color":"","overlay-opacity":"","overlay-gradient":""},"tablet":{"background-color":"","background-image":"","background-repeat":"repeat","background-position":"center center","background-size":"auto","background-attachment":"scroll","background-type":"","background-media":"","overlay-type":"","overlay-color":"","overlay-opacity":"","overlay-gradient":""},"mobile":{"background-color":"","background-image":"","background-repeat":"repeat","background-position":"center center","background-size":"auto","background-attachment":"scroll","background-type":"","background-media":"","overlay-type":"","overlay-color":"","overlay-opacity":"","overlay-gradient":""}},"ast-content-background-meta":{"desktop":{"background-color":"var(--ast-global-color-5)","background-image":"","background-repeat":"repeat","background-position":"center center","background-size":"auto","background-attachment":"scroll","background-type":"","background-media":"","overlay-type":"","overlay-color":"","overlay-opacity":"","overlay-gradient":""},"tablet":{"background-color":"var(--ast-global-color-5)","background-image":"","background-repeat":"repeat","background-position":"center center","background-size":"auto","background-attachment":"scroll","background-type":"","background-media":"","overlay-type":"","overlay-color":"","overlay-opacity":"","overlay-gradient":""},"mobile":{"background-color":"var(--ast-global-color-5)","background-image":"","background-repeat":"repeat","background-position":"center center","background-size":"auto","background-attachment":"scroll","background-type":"","background-media":"","overlay-type":"","overlay-color":"","overlay-opacity":"","overlay-gradient":""}},"footnotes":""},"class_list":["post-90","page","type-page","status-publish","hentry"],"_links":{"self":[{"href":"https:\/\/www.holiday-shuttle.eu\/en\/wp-json\/wp\/v2\/pages\/90","targetHints":{"allow":["GET"]}}],"collection":[{"href":"https:\/\/www.holiday-shuttle.eu\/en\/wp-json\/wp\/v2\/pages"}],"about":[{"href":"https:\/\/www.holiday-shuttle.eu\/en\/wp-json\/wp\/v2\/types\/page"}],"author":[{"embeddable":true,"href":"https:\/\/www.holiday-shuttle.eu\/en\/wp-json\/wp\/v2\/users\/1"}],"replies":[{"embeddable":true,"href":"https:\/\/www.holiday-shuttle.eu\/en\/wp-json\/wp\/v2\/comments?post=90"}],"version-history":[{"count":0,"href":"https:\/\/www.holiday-shuttle.eu\/en\/wp-json\/wp\/v2\/pages\/90\/revisions"}],"wp:attachment":[{"href":"https:\/\/www.holiday-shuttle.eu\/en\/wp-json\/wp\/v2\/media?parent=90"}],"curies":[{"name":"wp","href":"https:\/\/api.w.org\/{rel}","templated":true}]}}