{"id":80,"date":"2023-09-04T17:15:46","date_gmt":"2023-09-04T15:15:46","guid":{"rendered":"https:\/\/www.holiday-shuttle.eu\/?page_id=80"},"modified":"2023-09-04T17:15:46","modified_gmt":"2023-09-04T15:15:46","slug":"anfrage-last-minute-ticket","status":"publish","type":"page","link":"https:\/\/www.holiday-shuttle.eu\/en\/anfrage-last-minute-ticket\/","title":{"rendered":"Request last minute ticket"},"content":{"rendered":"<h2>Request last minute ticket<\/h2>\n<p>Do you unexpectedly need a shuttle from Salzburg Airport to the towns of Kaprun, F\u00fcrth, Zell am See, Bruck an der Gro\u00dfglocknerstrasse, Taxenbach or Mittersill, Bramberg or Neukirchen am Gro\u00dfvenediger, or from one of these places to Salzburg Airport within 24 to 48 hours?<\/p>\n<p>Please fill out the form below and we will check if there are still places available.<\/p>","protected":false},"excerpt":{"rendered":"<p>Anfrage Last Minute Ticket Sie ben\u00f6tigen unerwartet einen Shuttle vom Salzburg Flughafen zu den Orten Kaprun, F\u00fcrth, Zell am See, Bruck an der Gro\u00dfglocknerstra\u00dfe, Taxenbach oder Mittersill, Bramberg oder Neukirchen am Gro\u00dfvenediger oder von einem dieser Orte zum Salzburg Flughafen innerhalb von 24 bis 48 Stunden? Bitte f\u00fcllen Sie das untenstehende Formular aus, und wir [&hellip;]<\/p>","protected":false},"author":1,"featured_media":0,"parent":0,"menu_order":0,"comment_status":"closed","ping_status":"closed","template":"","meta":{"site-sidebar-layout":"no-sidebar","site-content-layout":"page-builder","ast-site-content-layout":"default","site-content-style":"default","site-sidebar-style":"default","ast-global-header-display":"","ast-banner-title-visibility":"","ast-main-header-display":"","ast-hfb-above-header-display":"","ast-hfb-below-header-display":"","ast-hfb-mobile-header-display":"","site-post-title":"disabled","ast-breadcrumbs-content":"","ast-featured-img":"disabled","footer-sml-layout":"","theme-transparent-header-meta":"default","adv-header-id-meta":"","stick-header-meta":"default","header-above-stick-meta":"","header-main-stick-meta":"","header-below-stick-meta":"","astra-migrate-meta-layouts":"set","ast-page-background-enabled":"default","ast-page-background-meta":{"desktop":{"background-color":"var(--ast-global-color-4)","background-image":"","background-repeat":"repeat","background-position":"center center","background-size":"auto","background-attachment":"scroll","background-type":"","background-media":"","overlay-type":"","overlay-color":"","overlay-opacity":"","overlay-gradient":""},"tablet":{"background-color":"","background-image":"","background-repeat":"repeat","background-position":"center center","background-size":"auto","background-attachment":"scroll","background-type":"","background-media":"","overlay-type":"","overlay-color":"","overlay-opacity":"","overlay-gradient":""},"mobile":{"background-color":"","background-image":"","background-repeat":"repeat","background-position":"center center","background-size":"auto","background-attachment":"scroll","background-type":"","background-media":"","overlay-type":"","overlay-color":"","overlay-opacity":"","overlay-gradient":""}},"ast-content-background-meta":{"desktop":{"background-color":"var(--ast-global-color-5)","background-image":"","background-repeat":"repeat","background-position":"center center","background-size":"auto","background-attachment":"scroll","background-type":"","background-media":"","overlay-type":"","overlay-color":"","overlay-opacity":"","overlay-gradient":""},"tablet":{"background-color":"var(--ast-global-color-5)","background-image":"","background-repeat":"repeat","background-position":"center center","background-size":"auto","background-attachment":"scroll","background-type":"","background-media":"","overlay-type":"","overlay-color":"","overlay-opacity":"","overlay-gradient":""},"mobile":{"background-color":"var(--ast-global-color-5)","background-image":"","background-repeat":"repeat","background-position":"center center","background-size":"auto","background-attachment":"scroll","background-type":"","background-media":"","overlay-type":"","overlay-color":"","overlay-opacity":"","overlay-gradient":""}},"footnotes":""},"class_list":["post-80","page","type-page","status-publish","hentry"],"_links":{"self":[{"href":"https:\/\/www.holiday-shuttle.eu\/en\/wp-json\/wp\/v2\/pages\/80","targetHints":{"allow":["GET"]}}],"collection":[{"href":"https:\/\/www.holiday-shuttle.eu\/en\/wp-json\/wp\/v2\/pages"}],"about":[{"href":"https:\/\/www.holiday-shuttle.eu\/en\/wp-json\/wp\/v2\/types\/page"}],"author":[{"embeddable":true,"href":"https:\/\/www.holiday-shuttle.eu\/en\/wp-json\/wp\/v2\/users\/1"}],"replies":[{"embeddable":true,"href":"https:\/\/www.holiday-shuttle.eu\/en\/wp-json\/wp\/v2\/comments?post=80"}],"version-history":[{"count":0,"href":"https:\/\/www.holiday-shuttle.eu\/en\/wp-json\/wp\/v2\/pages\/80\/revisions"}],"wp:attachment":[{"href":"https:\/\/www.holiday-shuttle.eu\/en\/wp-json\/wp\/v2\/media?parent=80"}],"curies":[{"name":"wp","href":"https:\/\/api.w.org\/{rel}","templated":true}]}}