{"id":123,"date":"2023-09-04T18:40:17","date_gmt":"2023-09-04T16:40:17","guid":{"rendered":"https:\/\/www.holiday-shuttle.eu\/?page_id=123"},"modified":"2023-09-05T12:55:22","modified_gmt":"2023-09-05T10:55:22","slug":"datenschutzerklaerung-2","status":"publish","type":"page","link":"https:\/\/www.holiday-shuttle.eu\/en\/datenschutzerklaerung-2\/","title":{"rendered":"Privacy Policy"},"content":{"rendered":"<p>1. Legal Basis<\/p>\n<p>1.1. Die EU-Datenschutz-Grundverordnung, das Datenschutzgesetz 2000 sowie das Datenschutz-Anpassungsgesetz 2018 dienen dem Recht auf Schutz personenbezogener Daten. Wir verarbeiten Ihre Daten ausschlie\u00dflich auf Grundlage der gesetzlichen Bestimmungen (DSGVO, DSG 2018, TKG 2003).<\/p>\n<p>2. Basics<\/p>\n<p>2.1. Verantwortlicher ist Herr Erich Oberkofler, Wiesenweg 473 5721 Piesendorf, E-Mail: office@touristik-oberkofler.com.<\/p>\n<p>2.2. Uns ist es ein besonderes Anliegen, alle personenbezogenen Daten, die Sie uns anvertrauen, zu sch\u00fctzen und sicher zu verwahren. In diesem Dokument erfahren Sie mehr dar\u00fcber, wie wir Ihre personenbezogenen Daten verwenden und verarbeiten.<\/p>\n<p>3. Purpose limitation, legal basis, storage period and data recipient<\/p>\n<p>3.1. Die gesammelten personenbezogenen Daten ben\u00f6tigen wir f\u00fcr Vertragserf\u00fcllung, Verrechnung, Geltendmachung der Vertragsanspr\u00fcche, f\u00fcr Zwecke des Kundenservice und f\u00fcr Werbezwecke. Die Daten werden hierf\u00fcr erhoben, gespeichert, verarbeitet und genutzt.<\/p>\n<p>3.2. Die rechtlichen Grundlagen f\u00fcr die Verarbeitung von Ihren personenbezogenen Daten sind einerseits Vertragserf\u00fcllung, berechtigte Interessen, die Erf\u00fcllung unserer rechtlichen bzw vertraglichen Verpflichtungen sowie andererseits Ihre Einwilligung (zB Kontaktformular, Cookies). Die Nichtbereitstellung der Daten kann unterschiedliche Folgen haben.<\/p>\n<p>3.3. Wir verarbeiten Ihre personenbezogenen Daten: Name, Anschrift, Telefonnummer, Email, soweit erforderlich, f\u00fcr die Dauer der gesamten Gesch\u00e4ftsbeziehung (von der Anbahnung, Abwicklung bis zur Beendigung eines Vertrags) sowie dar\u00fcber hinaus gem\u00e4\u00df den gesetzlichen Aufbewahrungs- und Dokumentationspflichten, die sich ua aus dem Unternehmensgesetzbuch (UGB), der Bundesabgabenordnung (BAO) ergeben sowie bis zur Beendigung eines allf\u00e4lligen Rechtsstreits usw.<\/p>\n<p>4. Contact Form and Email<\/p>\n<p>4.1. Ihre Angaben inklusive pers\u00f6nlicher Daten aus unserem Kontaktformular oder E-Mail werden zur Bearbeitung Ihrer Anfrage \u00fcber unseren eigenen Mailserver an uns \u00fcbermittelt, weiterverarbeitet und bei uns gespeichert. Diese Daten werden ohne Ihre Einverst\u00e4ndniserkl\u00e4rung nicht erhoben oder weitergegeben. Ohne diese Daten k\u00f6nnen wir Ihre Anfragen nicht bearbeiten.<\/p>\n<p>4.2. Die Datenverarbeitung erfolgt auf Basis der gesetzlichen Bestimmungen des \u00a7 96 Abs 3 TKG sowie des Art 6 Abs 1 lit a (Einwilligung) DSGVO.<\/p>\n<p>5. Web analysis with Matomo.<\/p>\n<p>5.1. Diese Website benutzt das Open Source Webanalyse-tool Matomo. Da Matomo auf einem eigenen Server installiert ist, sind alle Daten intern und f\u00fcr den pers\u00f6nlichen Gebrauch, diese Informationen werden nicht an Dritte weitergegeben.<\/p>\n<p>The information (data) we receive is used to maintain and update this website, to get reports on the number of visitors and how visitors use the website, to customize our website as much as possible for our users.<\/p>\n<p>5.2. Ihre IP-Adresse wird erfasst, aber zum Schutz Ihrer Privatsph\u00e4re ist zus\u00e4tzlich die IP-Adresse anonymisiert und verk\u00fcrzt. Ein Beispiel: Eine IP-Adresse 82.100.197.197 wird 82.100.0.0, wodurch Tracking auf der individuellen Ebene technisch unm\u00f6glich ist.<\/p>\n<p>5.3. Die Beziehung zum Webanalyseanbieter basiert auf Standardvertragsklauseln\/einem Angemessenheitsbeschluss der Europ\u00e4ischen Kommission.<\/p>\n<p>6. Cookies<\/p>\n<p>6.1 Cookies sind kleine Textinformationen, die eine Wiedererkennung des Nutzers und eine Analyse Ihrer Nutzung unserer Websites m\u00f6glich machen. Die dadurch erzeugten Informationen werden auf den Server des Anbieters \u00fcbertragen und dort gespeichert. Sie dienen dazu, unsere Internetpr\u00e4senz insgesamt nutzerfreundlicher, effektiver sowie sicherer zu machen. Zudem dienen Cookies zur Messung der H\u00e4ufigkeit von Seitenaufrufen und zur allgemeinen Navigation.<\/p>\n<p>6.2 Durch die Nutzung unserer Website willigen Sie ein, dass wir Cookies setzen. Sie k\u00f6nnen in Ihren Browsereinstellungen die Annahme von Cookies verweigern. Wie dies im Einzelnen funktioniert, entnehmen Sie bitte der Anleitung Ihres Browser-Herstellers. Wenn Sie sich gegen bestimmte technische und\/oder funktionelle Cookies entscheiden, k\u00f6nnte die Funktionalit\u00e4t unserer Website eventuell eingeschr\u00e4nkt werden. Einige Cookies bleiben auf Ihrem Endger\u00e4t gespeichert, bis Sie diese l\u00f6schen.<\/p>\n<p>6.3 Die Datenverarbeitung erfolgt auf Basis der gesetzlichen Bestimmungen des \u00a7 96 Abs 3 TKG sowie des Art 6 DSGVO (insbesondere Einwilligung). Da uns die Privatsph\u00e4re unserer Nutzer wichtig ist, werden die Nutzerdaten pseudonymisiert.<\/p>\n<p>6.4. <a href=\"https:\/\/www.holiday-shuttle.eu\/en\/cookies-verwalten\/\">Here you can manage and adjust your cookie settings or revoke your consent.<\/a><\/p>\n<p>7. Fonts<\/p>\n<p>7.1. Auf unserer Website nutzen wir angepasste Schriftarten. Wir haben die Schriftarten lokal, d.h. auf unserem Webserver eingebunden. Dadurch gibt es keine Verbindung zu externen Servern und somit auch keine Daten\u00fcbertragung oder Speicherung.<\/p>\n<p>8. Data Security<\/p>\n<p>8.1. Herr Erich Oberkofler setzt technische und organisatorische Sicherheitsma\u00dfnahmen ein, um die gespeicherten personenbezogenen Daten gegen zuf\u00e4llige oder vors\u00e4tzliche Manipulation, Verlust oder Zerst\u00f6rung und gegen den Zugriff unberechtigter Personen zu sch\u00fctzen. Unsere Sicherheitsma\u00dfnahmen werden entsprechend des technischen Fortschritts fortlaufend verbessert.<\/p>\n<p>9. SSL Encryption<\/p>\n<p>9.1. Um die Sicherheit Ihrer Daten bei der \u00dcbertragung zu sch\u00fctzen, verwenden wir dem aktuellen Stand der Technik entsprechende Verschl\u00fcsselungsverfahren (z. B. SSL) \u00fcber HTTPS.<\/p>\n<p>10. Liability for Links<\/p>\n<p>10.1. Trotz sorgf\u00e4ltiger inhaltlicher Kontrolle \u00fcbernehmen wir keine Haftung f\u00fcr die Inhalte externer Links. F\u00fcr den Inhalt verlinkter Seiten sind ausschlie\u00dflich deren Betreiber verantwortlich.<\/p>\n<p>11. Consent and Right of Withdrawal<\/p>\n<p>11.1. Ist f\u00fcr die Verarbeitung Ihrer Daten Ihre Zustimmung notwendig, verarbeiten wir diese erst nach Ihrer ausdr\u00fccklichen Zustimmung.<\/p>\n<p>11.2. Grunds\u00e4tzlich verarbeiten wir keine Daten minderj\u00e4hriger Personen und sind dazu auch nicht befugt. Mit der Abgabe Ihrer Zustimmung best\u00e4tigen Sie, dass Sie das 14. Lebensjahr vollendet haben oder die Zustimmung Ihres gesetzlichen Vertreters vorliegt.<\/p>\n<p>11.3. Ihre Zustimmung k\u00f6nnen Sie jederzeit unter folgender E-Mail Adresse widerrufen: office@touristik-oberkofler.com. In einem solchen Fall werden die bisher \u00fcber Sie gespeicherten Daten anonymisiert und in weiterer Folge lediglich f\u00fcr statistische Zwecke ohne Personenbezug weiter-verwendet. Mittels des Widerrufs der Zustimmung wird die Rechtm\u00e4\u00dfigkeit der aufgrund der Zustimmung bis zum Widerruf erfolgten Verarbeitung nicht ber\u00fchrt.<\/p>\n<p>12. Your Rights<\/p>\n<p>12.1. Sie haben jederzeit das Recht auf Auskunft seitens des Verantwortlichen Herr Erich Oberkofler \u00fcber die betreffenden personenbezogenen Daten. Soweit keine gesetzliche Aufbewahrungspflicht besteht, haben Sie das Recht auf L\u00f6schung dieser Daten sowie Widerspruch gegen die Verarbeitung. Ferner haben Sie das Recht auf Berichtigung der Daten sowie auf Einschr\u00e4nkung der Verarbeitung, auf Daten\u00fcbertragbarkeit sowie auf Beschwerde bei der \u00d6sterreichischen Datenschutzbeh\u00f6rde (Wickenburggasse 8-10, 1080 Wien, E-Mail: dsb@dsb.gv.at).<\/p>\n<p>12.2. Wenden Sie sich bez\u00fcglich Ihrer Rechte bitte an uns unter office@touristik-oberkofler.com oder schreiben Sie an:<\/p>\nOberkofler Touristik GmbH<br \/>\nMr Erich Oberkofler<br \/>\nWiesenweg 473<br \/>\n5721 Piesendorf\n<p>13. Change to our Privacy Policy<\/p>\n<p>13.1. Wir behalten uns vor, diese Datenschutzerkl\u00e4rung anzupassen, damit sie stets den aktuellen rechtlichen Anforderungen entspricht oder um \u00c4nderungen unserer Leistungen in der Datenschutzerkl\u00e4rung umzusetzen, z.B. bei der Einf\u00fchrung neuer Services. F\u00fcr Ihren erneuten Besuch gilt dann die neue Datenschutzerkl\u00e4rung.<\/p>\n<p>Source <a href=\"https:\/\/www.wko.at\/\" target=\"_blank\" rel=\"noopener\">www.wko.at<\/a>, <a href=\"https:\/\/www.adsimple.at\/datenschutz-generator\/\">www.adsimple.at<\/a>, <a href=\"https:\/\/www.anwalt.de\/vorlage\/muster-datenschutzerklaerung.php\">www.anwalt.de<\/a><\/p>","protected":false},"excerpt":{"rendered":"<p>1. Rechtsgrundlage 1.1. Die EU-Datenschutz-Grundverordnung, das Datenschutzgesetz 2000 sowie das Datenschutz-Anpassungsgesetz 2018 dienen dem Recht auf Schutz personenbezogener Daten. Wir verarbeiten Ihre Daten ausschlie\u00dflich auf Grundlage der gesetzlichen Bestimmungen (DSGVO, DSG 2018, TKG 2003). 2. Grunds\u00e4tzliches 2.1. Verantwortlicher ist Herr Erich Oberkofler, Wiesenweg 473 5721 Piesendorf, E-Mail: office@touristik-oberkofler.com. 2.2. Uns ist es ein besonderes Anliegen, [&hellip;]<\/p>","protected":false},"author":1,"featured_media":0,"parent":0,"menu_order":0,"comment_status":"closed","ping_status":"closed","template":"","meta":{"site-sidebar-layout":"no-sidebar","site-content-layout":"page-builder","ast-site-content-layout":"default","site-content-style":"default","site-sidebar-style":"default","ast-global-header-display":"","ast-banner-title-visibility":"","ast-main-header-display":"","ast-hfb-above-header-display":"","ast-hfb-below-header-display":"","ast-hfb-mobile-header-display":"","site-post-title":"disabled","ast-breadcrumbs-content":"","ast-featured-img":"disabled","footer-sml-layout":"","theme-transparent-header-meta":"default","adv-header-id-meta":"","stick-header-meta":"default","header-above-stick-meta":"","header-main-stick-meta":"","header-below-stick-meta":"","astra-migrate-meta-layouts":"set","ast-page-background-enabled":"default","ast-page-background-meta":{"desktop":{"background-color":"var(--ast-global-color-4)","background-image":"","background-repeat":"repeat","background-position":"center center","background-size":"auto","background-attachment":"scroll","background-type":"","background-media":"","overlay-type":"","overlay-color":"","overlay-opacity":"","overlay-gradient":""},"tablet":{"background-color":"","background-image":"","background-repeat":"repeat","background-position":"center center","background-size":"auto","background-attachment":"scroll","background-type":"","background-media":"","overlay-type":"","overlay-color":"","overlay-opacity":"","overlay-gradient":""},"mobile":{"background-color":"","background-image":"","background-repeat":"repeat","background-position":"center center","background-size":"auto","background-attachment":"scroll","background-type":"","background-media":"","overlay-type":"","overlay-color":"","overlay-opacity":"","overlay-gradient":""}},"ast-content-background-meta":{"desktop":{"background-color":"var(--ast-global-color-5)","background-image":"","background-repeat":"repeat","background-position":"center center","background-size":"auto","background-attachment":"scroll","background-type":"","background-media":"","overlay-type":"","overlay-color":"","overlay-opacity":"","overlay-gradient":""},"tablet":{"background-color":"var(--ast-global-color-5)","background-image":"","background-repeat":"repeat","background-position":"center center","background-size":"auto","background-attachment":"scroll","background-type":"","background-media":"","overlay-type":"","overlay-color":"","overlay-opacity":"","overlay-gradient":""},"mobile":{"background-color":"var(--ast-global-color-5)","background-image":"","background-repeat":"repeat","background-position":"center center","background-size":"auto","background-attachment":"scroll","background-type":"","background-media":"","overlay-type":"","overlay-color":"","overlay-opacity":"","overlay-gradient":""}},"footnotes":""},"class_list":["post-123","page","type-page","status-publish","hentry"],"_links":{"self":[{"href":"https:\/\/www.holiday-shuttle.eu\/en\/wp-json\/wp\/v2\/pages\/123","targetHints":{"allow":["GET"]}}],"collection":[{"href":"https:\/\/www.holiday-shuttle.eu\/en\/wp-json\/wp\/v2\/pages"}],"about":[{"href":"https:\/\/www.holiday-shuttle.eu\/en\/wp-json\/wp\/v2\/types\/page"}],"author":[{"embeddable":true,"href":"https:\/\/www.holiday-shuttle.eu\/en\/wp-json\/wp\/v2\/users\/1"}],"replies":[{"embeddable":true,"href":"https:\/\/www.holiday-shuttle.eu\/en\/wp-json\/wp\/v2\/comments?post=123"}],"version-history":[{"count":0,"href":"https:\/\/www.holiday-shuttle.eu\/en\/wp-json\/wp\/v2\/pages\/123\/revisions"}],"wp:attachment":[{"href":"https:\/\/www.holiday-shuttle.eu\/en\/wp-json\/wp\/v2\/media?parent=123"}],"curies":[{"name":"wp","href":"https:\/\/api.w.org\/{rel}","templated":true}]}}