{"id":115,"date":"2023-09-04T18:35:09","date_gmt":"2023-09-04T16:35:09","guid":{"rendered":"https:\/\/www.holiday-shuttle.eu\/?page_id=115"},"modified":"2023-09-04T18:35:09","modified_gmt":"2023-09-04T16:35:09","slug":"widerrufsbelehrung","status":"publish","type":"page","link":"https:\/\/www.holiday-shuttle.eu\/en\/widerrufsbelehrung\/","title":{"rendered":"Withdrawal Information."},"content":{"rendered":"<h2>Exclusion of the right of withdrawal for bus transfer tickets<\/h2>\n<p>In connection with the purchase of bus transfer tickets on our platform, we would like to provide you with essential information.<\/p>\n<p>In accordance with the relevant legal provisions in the field of online ticket sales, we would like to point out that there is no right of withdrawal for bus transfer tickets.<\/p>\n<p>This regulation is based on the nature of our service and the type of services we offer.<\/p>\n<p>Holiday Shuttle has been developed with the utmost care to provide you with precise, reliable, and punctual transportation services. This precision requires close coordination of our resources to ensure that your transfers run smoothly at the times you have chosen.<\/p>\n<p>The fact that our tickets are issued for specific dates and times justifies the exclusion of the statutory right of withdrawal pursuant to \u00a7 312g paragraph 2 No. 9 of the German Civil Code (BGB), which concerns services in the field of leisure activities with fixed dates.<\/p>\n<p>We would like to emphasize that this exclusion of the right of withdrawal is intended to provide you with the best possible service while maintaining our organizational integrity.<\/p>\n<p>We understand that unforeseen circumstances may arise that could affect your travel plans. In such cases, we recommend contacting our customer support team directly at email office@touristik-oberkofler.com to discuss possible options.<\/p>\n<p>We appreciate the trust you have placed in our services and are always available to answer your questions or assist you with any concerns.<\/p>\n<p>&nbsp;<\/p>","protected":false},"excerpt":{"rendered":"<p>Ausschluss des Widerrufsrechts f\u00fcr Bus-Transfer Tickets Wir m\u00f6chten Ihnen im Zusammenhang mit dem Erwerb von Bus-Transfer Tickets auf unserer Plattform eine wesentliche Information zukommen lassen. Gem\u00e4\u00df den einschl\u00e4gigen rechtlichen Vorgaben im Bereich des Online-Ticketverkaufs m\u00f6chten wir darauf hinweisen, dass f\u00fcr Bus-Transfer Tickets kein Widerrufsrecht besteht. Diese Regelung gr\u00fcndet sich auf die Natur unserer Dienstleistung und [&hellip;]<\/p>","protected":false},"author":1,"featured_media":0,"parent":0,"menu_order":0,"comment_status":"closed","ping_status":"closed","template":"","meta":{"site-sidebar-layout":"no-sidebar","site-content-layout":"page-builder","ast-site-content-layout":"default","site-content-style":"default","site-sidebar-style":"default","ast-global-header-display":"","ast-banner-title-visibility":"","ast-main-header-display":"","ast-hfb-above-header-display":"","ast-hfb-below-header-display":"","ast-hfb-mobile-header-display":"","site-post-title":"disabled","ast-breadcrumbs-content":"","ast-featured-img":"disabled","footer-sml-layout":"","theme-transparent-header-meta":"default","adv-header-id-meta":"","stick-header-meta":"default","header-above-stick-meta":"","header-main-stick-meta":"","header-below-stick-meta":"","astra-migrate-meta-layouts":"set","ast-page-background-enabled":"default","ast-page-background-meta":{"desktop":{"background-color":"var(--ast-global-color-4)","background-image":"","background-repeat":"repeat","background-position":"center center","background-size":"auto","background-attachment":"scroll","background-type":"","background-media":"","overlay-type":"","overlay-color":"","overlay-opacity":"","overlay-gradient":""},"tablet":{"background-color":"","background-image":"","background-repeat":"repeat","background-position":"center center","background-size":"auto","background-attachment":"scroll","background-type":"","background-media":"","overlay-type":"","overlay-color":"","overlay-opacity":"","overlay-gradient":""},"mobile":{"background-color":"","background-image":"","background-repeat":"repeat","background-position":"center center","background-size":"auto","background-attachment":"scroll","background-type":"","background-media":"","overlay-type":"","overlay-color":"","overlay-opacity":"","overlay-gradient":""}},"ast-content-background-meta":{"desktop":{"background-color":"var(--ast-global-color-5)","background-image":"","background-repeat":"repeat","background-position":"center center","background-size":"auto","background-attachment":"scroll","background-type":"","background-media":"","overlay-type":"","overlay-color":"","overlay-opacity":"","overlay-gradient":""},"tablet":{"background-color":"var(--ast-global-color-5)","background-image":"","background-repeat":"repeat","background-position":"center center","background-size":"auto","background-attachment":"scroll","background-type":"","background-media":"","overlay-type":"","overlay-color":"","overlay-opacity":"","overlay-gradient":""},"mobile":{"background-color":"var(--ast-global-color-5)","background-image":"","background-repeat":"repeat","background-position":"center center","background-size":"auto","background-attachment":"scroll","background-type":"","background-media":"","overlay-type":"","overlay-color":"","overlay-opacity":"","overlay-gradient":""}},"footnotes":""},"class_list":["post-115","page","type-page","status-publish","hentry"],"_links":{"self":[{"href":"https:\/\/www.holiday-shuttle.eu\/en\/wp-json\/wp\/v2\/pages\/115","targetHints":{"allow":["GET"]}}],"collection":[{"href":"https:\/\/www.holiday-shuttle.eu\/en\/wp-json\/wp\/v2\/pages"}],"about":[{"href":"https:\/\/www.holiday-shuttle.eu\/en\/wp-json\/wp\/v2\/types\/page"}],"author":[{"embeddable":true,"href":"https:\/\/www.holiday-shuttle.eu\/en\/wp-json\/wp\/v2\/users\/1"}],"replies":[{"embeddable":true,"href":"https:\/\/www.holiday-shuttle.eu\/en\/wp-json\/wp\/v2\/comments?post=115"}],"version-history":[{"count":0,"href":"https:\/\/www.holiday-shuttle.eu\/en\/wp-json\/wp\/v2\/pages\/115\/revisions"}],"wp:attachment":[{"href":"https:\/\/www.holiday-shuttle.eu\/en\/wp-json\/wp\/v2\/media?parent=115"}],"curies":[{"name":"wp","href":"https:\/\/api.w.org\/{rel}","templated":true}]}}