{"id":111,"date":"2023-09-04T18:33:04","date_gmt":"2023-09-04T16:33:04","guid":{"rendered":"https:\/\/www.holiday-shuttle.eu\/?page_id=111"},"modified":"2023-09-18T16:29:28","modified_gmt":"2023-09-18T14:29:28","slug":"zahlungsmethoden","status":"publish","type":"page","link":"https:\/\/www.holiday-shuttle.eu\/en\/zahlungsmethoden\/","title":{"rendered":"Payment methods"},"content":{"rendered":"<h2>For our shuttle service, we offer the following payment methods<\/h2>\n<p>&nbsp;<\/p>\n<p>We provide you with a wide range of convenient payment options to make your purchase as easy and secure as possible. You can choose from the following options:<\/p>\n<p><img loading=\"lazy\" decoding=\"async\" src=\"https:\/\/www.holiday-shuttle.eu\/wp-content\/uploads\/2023\/09\/creditcard2.png\" alt=\"Visa und Mastercard\" width=\"350\" height=\"150\" \/><\/p>\n<p>We accept payments with Visa and MasterCard. Simply enter the required information during checkout, and your payment will be securely processed.<\/p>\n<p>Please note that the availability of payment methods may vary by region. We prioritize the security of your transactions and use encryption technologies to protect your data. Your satisfaction is our top priority, and we are here to assist you with any questions regarding payment methods or other concerns.<\/p>\n<p>If needed, please contact our customer service at office@touristik-oberkofler.com.<\/p>","protected":false},"excerpt":{"rendered":"<p>F\u00fcr unseren Shuttle-Service bieten wir Ihnen folgende Zahlungsmethoden an: &nbsp; Wir bieten Ihnen eine breite Palette an bequemen Zahlungsm\u00f6glichkeiten, um Ihren Einkauf so einfach und sicher wie m\u00f6glich zu gestalten. Bei uns k\u00f6nnen Sie aus den folgenden Optionen w\u00e4hlen: Wir akzeptieren Zahlungen mit Visa und MasterCard. Geben Sie einfach die erforderlichen Informationen w\u00e4hrend des Checkouts [&hellip;]<\/p>","protected":false},"author":1,"featured_media":0,"parent":0,"menu_order":0,"comment_status":"closed","ping_status":"closed","template":"","meta":{"site-sidebar-layout":"no-sidebar","site-content-layout":"page-builder","ast-site-content-layout":"default","site-content-style":"default","site-sidebar-style":"default","ast-global-header-display":"","ast-banner-title-visibility":"","ast-main-header-display":"","ast-hfb-above-header-display":"","ast-hfb-below-header-display":"","ast-hfb-mobile-header-display":"","site-post-title":"disabled","ast-breadcrumbs-content":"","ast-featured-img":"disabled","footer-sml-layout":"","theme-transparent-header-meta":"default","adv-header-id-meta":"","stick-header-meta":"default","header-above-stick-meta":"","header-main-stick-meta":"","header-below-stick-meta":"","astra-migrate-meta-layouts":"set","ast-page-background-enabled":"default","ast-page-background-meta":{"desktop":{"background-color":"var(--ast-global-color-4)","background-image":"","background-repeat":"repeat","background-position":"center center","background-size":"auto","background-attachment":"scroll","background-type":"","background-media":"","overlay-type":"","overlay-color":"","overlay-opacity":"","overlay-gradient":""},"tablet":{"background-color":"","background-image":"","background-repeat":"repeat","background-position":"center center","background-size":"auto","background-attachment":"scroll","background-type":"","background-media":"","overlay-type":"","overlay-color":"","overlay-opacity":"","overlay-gradient":""},"mobile":{"background-color":"","background-image":"","background-repeat":"repeat","background-position":"center center","background-size":"auto","background-attachment":"scroll","background-type":"","background-media":"","overlay-type":"","overlay-color":"","overlay-opacity":"","overlay-gradient":""}},"ast-content-background-meta":{"desktop":{"background-color":"var(--ast-global-color-5)","background-image":"","background-repeat":"repeat","background-position":"center center","background-size":"auto","background-attachment":"scroll","background-type":"","background-media":"","overlay-type":"","overlay-color":"","overlay-opacity":"","overlay-gradient":""},"tablet":{"background-color":"var(--ast-global-color-5)","background-image":"","background-repeat":"repeat","background-position":"center center","background-size":"auto","background-attachment":"scroll","background-type":"","background-media":"","overlay-type":"","overlay-color":"","overlay-opacity":"","overlay-gradient":""},"mobile":{"background-color":"var(--ast-global-color-5)","background-image":"","background-repeat":"repeat","background-position":"center center","background-size":"auto","background-attachment":"scroll","background-type":"","background-media":"","overlay-type":"","overlay-color":"","overlay-opacity":"","overlay-gradient":""}},"footnotes":""},"class_list":["post-111","page","type-page","status-publish","hentry"],"_links":{"self":[{"href":"https:\/\/www.holiday-shuttle.eu\/en\/wp-json\/wp\/v2\/pages\/111","targetHints":{"allow":["GET"]}}],"collection":[{"href":"https:\/\/www.holiday-shuttle.eu\/en\/wp-json\/wp\/v2\/pages"}],"about":[{"href":"https:\/\/www.holiday-shuttle.eu\/en\/wp-json\/wp\/v2\/types\/page"}],"author":[{"embeddable":true,"href":"https:\/\/www.holiday-shuttle.eu\/en\/wp-json\/wp\/v2\/users\/1"}],"replies":[{"embeddable":true,"href":"https:\/\/www.holiday-shuttle.eu\/en\/wp-json\/wp\/v2\/comments?post=111"}],"version-history":[{"count":0,"href":"https:\/\/www.holiday-shuttle.eu\/en\/wp-json\/wp\/v2\/pages\/111\/revisions"}],"wp:attachment":[{"href":"https:\/\/www.holiday-shuttle.eu\/en\/wp-json\/wp\/v2\/media?parent=111"}],"curies":[{"name":"wp","href":"https:\/\/api.w.org\/{rel}","templated":true}]}}